{"id":95,"date":"2021-11-02T15:47:43","date_gmt":"2021-11-02T15:47:43","guid":{"rendered":"https:\/\/www.binz-spenglereitechnik.ch.univers.ch-meta.net\/?page_id=95"},"modified":"2022-08-18T18:14:17","modified_gmt":"2022-08-18T18:14:17","slug":"firma","status":"publish","type":"page","link":"https:\/\/www.binz-spenglereitechnik.ch\/","title":{"rendered":"Firma"},"content":{"rendered":"\n<h2 class=\"wp-block-heading\">IHRE IDEEN UND W\u00dcNSCHE WERDEN VON UNS GEKONNT IN BLECH UMGESETZT<\/h2>\n\n\n\n<p>Gerne nehmen wir uns die Zeit, um in einem ersten Gespr\u00e4ch die Ideen zusammenfliessen zu lassen.<\/p>\n\n\n\n<p>Ob <a href=\"https:\/\/www.binz-spenglereitechnik.ch\/index.php\/dach\/\">Dach<\/a>, <a href=\"https:\/\/www.binz-spenglereitechnik.ch\/index.php\/fassade\/\">Fassade<\/a>, <a href=\"https:\/\/www.binz-spenglereitechnik.ch\/index.php\/spenglereitechnik\/\">Spenglerei<\/a> oder <a href=\"https:\/\/www.binz-spenglereitechnik.ch\/index.php\/blitzschutz\/\">Blitzschutz<\/a>: Wir erarbeiten f\u00fcr Sie das passende Projekt und unterst\u00fctzen Sie bis zur Bauvollendung. Z\u00f6gern Sie nicht, uns zu <a href=\"https:\/\/www.binz-spenglereitechnik.ch\/index.php\/kontakt\/\">kontaktieren<\/a>.<\/p>\n\n\n\n<p>Wir sind t\u00e4glich bestrebt, das Beste f\u00fcr unsere Kundschaft und ihre Umwelt zu geben.<\/p>\n\n\n\n<h2 class=\"wp-block-heading\">UNSER TEAM<\/h2>\n\n\n\n<p><strong>Binz Daniel<\/strong>&nbsp;\u2013 eidg. dipl. Spenglermeister<\/p>\n\n\n\n<p><strong>Von Arx Ueli<\/strong>&nbsp;\u2013 Dachdecker \/ Spengler<\/p>\n\n\n\n<p><strong>K\u00e4sermann Lukas <\/strong>\u2013 Spengler EFZ<\/p>\n","protected":false},"excerpt":{"rendered":"<p>IHRE IDEEN UND W\u00dcNSCHE WERDEN VON UNS GEKONNT IN BLECH UMGESETZT Gerne nehmen wir uns die Zeit, um in einem ersten Gespr\u00e4ch die Ideen zusammenfliessen zu lassen. Ob Dach, Fassade, Spenglerei oder Blitzschutz: Wir erarbeiten f\u00fcr Sie das passende Projekt und unterst\u00fctzen Sie bis zur Bauvollendung. Z\u00f6gern Sie nicht, uns zu kontaktieren. Wir sind t\u00e4glich &hellip; <\/p>\n<p class=\"link-more\"><a href=\"https:\/\/www.binz-spenglereitechnik.ch\/\" class=\"more-link\"><span class=\"screen-reader-text\">\u201eFirma\u201c <\/span>weiterlesen<\/a><\/p>\n","protected":false},"author":2,"featured_media":0,"parent":0,"menu_order":0,"comment_status":"closed","ping_status":"closed","template":"","meta":{"footnotes":""},"class_list":["post-95","page","type-page","status-publish","hentry"],"yoast_head":"<!-- This site is optimized with the Yoast SEO plugin v26.9 - https:\/\/yoast.com\/product\/yoast-seo-wordpress\/ -->\n<title>Firma - Binz Daniel GmbH<\/title>\n<meta name=\"description\" content=\"Ob Flach-\/Steildach, Fassade, individuelle Spenglereiarbeiten oder Blitzschutz, wir sind ihr kompetenter Ansprechpartner vor Ort und beraten Sie gerne.\" \/>\n<meta name=\"robots\" content=\"index, follow, max-snippet:-1, max-image-preview:large, max-video-preview:-1\" \/>\n<link rel=\"canonical\" href=\"https:\/\/www.binz-spenglereitechnik.ch\/\" \/>\n<meta property=\"og:locale\" content=\"de_DE\" \/>\n<meta property=\"og:type\" content=\"article\" \/>\n<meta property=\"og:title\" content=\"Firma - Binz Daniel GmbH\" \/>\n<meta property=\"og:description\" content=\"Ob Flach-\/Steildach, Fassade, individuelle Spenglereiarbeiten oder Blitzschutz, wir sind ihr kompetenter Ansprechpartner vor Ort und beraten Sie gerne.\" \/>\n<meta property=\"og:url\" content=\"https:\/\/www.binz-spenglereitechnik.ch\/\" \/>\n<meta property=\"og:site_name\" content=\"Binz Daniel GmbH\" \/>\n<meta property=\"article:modified_time\" content=\"2022-08-18T18:14:17+00:00\" \/>\n<meta name=\"twitter:card\" content=\"summary_large_image\" \/>\n<meta name=\"twitter:label1\" content=\"Gesch\u00e4tzte Lesezeit\" \/>\n\t<meta name=\"twitter:data1\" content=\"1\u00a0Minute\" \/>\n<script type=\"application\/ld+json\" class=\"yoast-schema-graph\">{\"@context\":\"https:\/\/schema.org\",\"@graph\":[{\"@type\":\"WebPage\",\"@id\":\"https:\/\/www.binz-spenglereitechnik.ch\/\",\"url\":\"https:\/\/www.binz-spenglereitechnik.ch\/\",\"name\":\"Firma - Binz Daniel GmbH\",\"isPartOf\":{\"@id\":\"https:\/\/www.binz-spenglereitechnik.ch\/#website\"},\"datePublished\":\"2021-11-02T15:47:43+00:00\",\"dateModified\":\"2022-08-18T18:14:17+00:00\",\"description\":\"Ob Flach-\/Steildach, Fassade, individuelle Spenglereiarbeiten oder Blitzschutz, wir sind ihr kompetenter Ansprechpartner vor Ort und beraten Sie gerne.\",\"breadcrumb\":{\"@id\":\"https:\/\/www.binz-spenglereitechnik.ch\/#breadcrumb\"},\"inLanguage\":\"de\",\"potentialAction\":[{\"@type\":\"ReadAction\",\"target\":[\"https:\/\/www.binz-spenglereitechnik.ch\/\"]}]},{\"@type\":\"BreadcrumbList\",\"@id\":\"https:\/\/www.binz-spenglereitechnik.ch\/#breadcrumb\",\"itemListElement\":[{\"@type\":\"ListItem\",\"position\":1,\"name\":\"Startseite\",\"item\":\"https:\/\/www.binz-spenglereitechnik.ch\/\"},{\"@type\":\"ListItem\",\"position\":2,\"name\":\"Firma\"}]},{\"@type\":\"WebSite\",\"@id\":\"https:\/\/www.binz-spenglereitechnik.ch\/#website\",\"url\":\"https:\/\/www.binz-spenglereitechnik.ch\/\",\"name\":\"Binz Daniel GmbH\",\"description\":\"Der Spengler - Ihr Spezialist\",\"publisher\":{\"@id\":\"https:\/\/www.binz-spenglereitechnik.ch\/#organization\"},\"potentialAction\":[{\"@type\":\"SearchAction\",\"target\":{\"@type\":\"EntryPoint\",\"urlTemplate\":\"https:\/\/www.binz-spenglereitechnik.ch\/?s={search_term_string}\"},\"query-input\":{\"@type\":\"PropertyValueSpecification\",\"valueRequired\":true,\"valueName\":\"search_term_string\"}}],\"inLanguage\":\"de\"},{\"@type\":\"Organization\",\"@id\":\"https:\/\/www.binz-spenglereitechnik.ch\/#organization\",\"name\":\"Binz Daniel GmbH\",\"url\":\"https:\/\/www.binz-spenglereitechnik.ch\/\",\"logo\":{\"@type\":\"ImageObject\",\"inLanguage\":\"de\",\"@id\":\"https:\/\/www.binz-spenglereitechnik.ch\/#\/schema\/logo\/image\/\",\"url\":\"https:\/\/www.binz-spenglereitechnik.ch\/wp-content\/uploads\/2021\/11\/cropped-daniel_binz_gmbh.png\",\"contentUrl\":\"https:\/\/www.binz-spenglereitechnik.ch\/wp-content\/uploads\/2021\/11\/cropped-daniel_binz_gmbh.png\",\"width\":602,\"height\":250,\"caption\":\"Binz Daniel GmbH\"},\"image\":{\"@id\":\"https:\/\/www.binz-spenglereitechnik.ch\/#\/schema\/logo\/image\/\"}}]}<\/script>\n<!-- \/ Yoast SEO plugin. -->","yoast_head_json":{"title":"Firma - Binz Daniel GmbH","description":"Ob Flach-\/Steildach, Fassade, individuelle Spenglereiarbeiten oder Blitzschutz, wir sind ihr kompetenter Ansprechpartner vor Ort und beraten Sie gerne.","robots":{"index":"index","follow":"follow","max-snippet":"max-snippet:-1","max-image-preview":"max-image-preview:large","max-video-preview":"max-video-preview:-1"},"canonical":"https:\/\/www.binz-spenglereitechnik.ch\/","og_locale":"de_DE","og_type":"article","og_title":"Firma - Binz Daniel GmbH","og_description":"Ob Flach-\/Steildach, Fassade, individuelle Spenglereiarbeiten oder Blitzschutz, wir sind ihr kompetenter Ansprechpartner vor Ort und beraten Sie gerne.","og_url":"https:\/\/www.binz-spenglereitechnik.ch\/","og_site_name":"Binz Daniel GmbH","article_modified_time":"2022-08-18T18:14:17+00:00","twitter_card":"summary_large_image","twitter_misc":{"Gesch\u00e4tzte Lesezeit":"1\u00a0Minute"},"schema":{"@context":"https:\/\/schema.org","@graph":[{"@type":"WebPage","@id":"https:\/\/www.binz-spenglereitechnik.ch\/","url":"https:\/\/www.binz-spenglereitechnik.ch\/","name":"Firma - Binz Daniel GmbH","isPartOf":{"@id":"https:\/\/www.binz-spenglereitechnik.ch\/#website"},"datePublished":"2021-11-02T15:47:43+00:00","dateModified":"2022-08-18T18:14:17+00:00","description":"Ob Flach-\/Steildach, Fassade, individuelle Spenglereiarbeiten oder Blitzschutz, wir sind ihr kompetenter Ansprechpartner vor Ort und beraten Sie gerne.","breadcrumb":{"@id":"https:\/\/www.binz-spenglereitechnik.ch\/#breadcrumb"},"inLanguage":"de","potentialAction":[{"@type":"ReadAction","target":["https:\/\/www.binz-spenglereitechnik.ch\/"]}]},{"@type":"BreadcrumbList","@id":"https:\/\/www.binz-spenglereitechnik.ch\/#breadcrumb","itemListElement":[{"@type":"ListItem","position":1,"name":"Startseite","item":"https:\/\/www.binz-spenglereitechnik.ch\/"},{"@type":"ListItem","position":2,"name":"Firma"}]},{"@type":"WebSite","@id":"https:\/\/www.binz-spenglereitechnik.ch\/#website","url":"https:\/\/www.binz-spenglereitechnik.ch\/","name":"Binz Daniel GmbH","description":"Der Spengler - Ihr Spezialist","publisher":{"@id":"https:\/\/www.binz-spenglereitechnik.ch\/#organization"},"potentialAction":[{"@type":"SearchAction","target":{"@type":"EntryPoint","urlTemplate":"https:\/\/www.binz-spenglereitechnik.ch\/?s={search_term_string}"},"query-input":{"@type":"PropertyValueSpecification","valueRequired":true,"valueName":"search_term_string"}}],"inLanguage":"de"},{"@type":"Organization","@id":"https:\/\/www.binz-spenglereitechnik.ch\/#organization","name":"Binz Daniel GmbH","url":"https:\/\/www.binz-spenglereitechnik.ch\/","logo":{"@type":"ImageObject","inLanguage":"de","@id":"https:\/\/www.binz-spenglereitechnik.ch\/#\/schema\/logo\/image\/","url":"https:\/\/www.binz-spenglereitechnik.ch\/wp-content\/uploads\/2021\/11\/cropped-daniel_binz_gmbh.png","contentUrl":"https:\/\/www.binz-spenglereitechnik.ch\/wp-content\/uploads\/2021\/11\/cropped-daniel_binz_gmbh.png","width":602,"height":250,"caption":"Binz Daniel GmbH"},"image":{"@id":"https:\/\/www.binz-spenglereitechnik.ch\/#\/schema\/logo\/image\/"}}]}},"_links":{"self":[{"href":"https:\/\/www.binz-spenglereitechnik.ch\/index.php\/wp-json\/wp\/v2\/pages\/95","targetHints":{"allow":["GET"]}}],"collection":[{"href":"https:\/\/www.binz-spenglereitechnik.ch\/index.php\/wp-json\/wp\/v2\/pages"}],"about":[{"href":"https:\/\/www.binz-spenglereitechnik.ch\/index.php\/wp-json\/wp\/v2\/types\/page"}],"author":[{"embeddable":true,"href":"https:\/\/www.binz-spenglereitechnik.ch\/index.php\/wp-json\/wp\/v2\/users\/2"}],"replies":[{"embeddable":true,"href":"https:\/\/www.binz-spenglereitechnik.ch\/index.php\/wp-json\/wp\/v2\/comments?post=95"}],"version-history":[{"count":5,"href":"https:\/\/www.binz-spenglereitechnik.ch\/index.php\/wp-json\/wp\/v2\/pages\/95\/revisions"}],"predecessor-version":[{"id":169,"href":"https:\/\/www.binz-spenglereitechnik.ch\/index.php\/wp-json\/wp\/v2\/pages\/95\/revisions\/169"}],"wp:attachment":[{"href":"https:\/\/www.binz-spenglereitechnik.ch\/index.php\/wp-json\/wp\/v2\/media?parent=95"}],"curies":[{"name":"wp","href":"https:\/\/api.w.org\/{rel}","templated":true}]}}